{"id":3709,"date":"2025-08-14T13:31:30","date_gmt":"2025-08-14T10:31:30","guid":{"rendered":"https:\/\/www.aslanmotosiklet.com\/motosiklet-orjinal-yedek-parca-izmir\/?post_type=product&#038;p=3709"},"modified":"2025-08-14T13:31:31","modified_gmt":"2025-08-14T10:31:31","slug":"rks-arome-125-on-far-paneli-alt-plastigi","status":"publish","type":"product","link":"https:\/\/www.aslanmotosiklet.com\/motosiklet-orjinal-yedek-parca-izmir\/urunler\/orjinal-yedek-parca\/rks-arome-125-on-far-paneli-alt-plastigi\/","title":{"rendered":"RKS AROME 125-\u00d6N FAR PANEL\u0130 ALT PLAST\u0130\u011e\u0130"},"content":{"rendered":"","protected":false},"excerpt":{"rendered":"<p>RKS AROME 125-\u00d6N FAR PANEL\u0130 ALT PLAST\u0130\u011e\u0130<\/p>\n","protected":false},"featured_media":3710,"template":"","meta":[],"product_cat":[1117],"product_tag":[],"class_list":{"0":"post-3709","1":"product","2":"type-product","3":"status-publish","4":"has-post-thumbnail","6":"product_cat-orjinal-yedek-parca","8":"first","9":"instock","10":"virtual","11":"purchasable","12":"product-type-simple"},"aioseo_notices":[],"_links":{"self":[{"href":"https:\/\/www.aslanmotosiklet.com\/motosiklet-orjinal-yedek-parca-izmir\/wp-json\/wp\/v2\/product\/3709","targetHints":{"allow":["GET"]}}],"collection":[{"href":"https:\/\/www.aslanmotosiklet.com\/motosiklet-orjinal-yedek-parca-izmir\/wp-json\/wp\/v2\/product"}],"about":[{"href":"https:\/\/www.aslanmotosiklet.com\/motosiklet-orjinal-yedek-parca-izmir\/wp-json\/wp\/v2\/types\/product"}],"wp:featuredmedia":[{"embeddable":true,"href":"https:\/\/www.aslanmotosiklet.com\/motosiklet-orjinal-yedek-parca-izmir\/wp-json\/wp\/v2\/media\/3710"}],"wp:attachment":[{"href":"https:\/\/www.aslanmotosiklet.com\/motosiklet-orjinal-yedek-parca-izmir\/wp-json\/wp\/v2\/media?parent=3709"}],"wp:term":[{"taxonomy":"product_cat","embeddable":true,"href":"https:\/\/www.aslanmotosiklet.com\/motosiklet-orjinal-yedek-parca-izmir\/wp-json\/wp\/v2\/product_cat?post=3709"},{"taxonomy":"product_tag","embeddable":true,"href":"https:\/\/www.aslanmotosiklet.com\/motosiklet-orjinal-yedek-parca-izmir\/wp-json\/wp\/v2\/product_tag?post=3709"}],"curies":[{"name":"wp","href":"https:\/\/api.w.org\/{rel}","templated":true}]}}