{"id":3620,"date":"2025-08-13T15:17:50","date_gmt":"2025-08-13T12:17:50","guid":{"rendered":"https:\/\/www.aslanmotosiklet.com\/motosiklet-orjinal-yedek-parca-izmir\/?post_type=product&#038;p=3620"},"modified":"2025-08-13T15:17:52","modified_gmt":"2025-08-13T12:17:52","slug":"spontini-110-on-far-paneli-gri","status":"publish","type":"product","link":"https:\/\/www.aslanmotosiklet.com\/motosiklet-orjinal-yedek-parca-izmir\/urunler\/orjinal-yedek-parca\/spontini-110-on-far-paneli-gri\/","title":{"rendered":"SPONT\u0130N\u0130 110-\u00d6N FAR PANEL\u0130-GR\u0130"},"content":{"rendered":"","protected":false},"excerpt":{"rendered":"<p>SPONT\u0130N\u0130 110-\u00d6N FAR PANEL\u0130-GR\u0130<\/p>\n","protected":false},"featured_media":3621,"template":"","meta":[],"product_cat":[1117],"product_tag":[],"class_list":{"0":"post-3620","1":"product","2":"type-product","3":"status-publish","4":"has-post-thumbnail","6":"product_cat-orjinal-yedek-parca","8":"first","9":"instock","10":"virtual","11":"purchasable","12":"product-type-simple"},"aioseo_notices":[],"_links":{"self":[{"href":"https:\/\/www.aslanmotosiklet.com\/motosiklet-orjinal-yedek-parca-izmir\/wp-json\/wp\/v2\/product\/3620","targetHints":{"allow":["GET"]}}],"collection":[{"href":"https:\/\/www.aslanmotosiklet.com\/motosiklet-orjinal-yedek-parca-izmir\/wp-json\/wp\/v2\/product"}],"about":[{"href":"https:\/\/www.aslanmotosiklet.com\/motosiklet-orjinal-yedek-parca-izmir\/wp-json\/wp\/v2\/types\/product"}],"wp:featuredmedia":[{"embeddable":true,"href":"https:\/\/www.aslanmotosiklet.com\/motosiklet-orjinal-yedek-parca-izmir\/wp-json\/wp\/v2\/media\/3621"}],"wp:attachment":[{"href":"https:\/\/www.aslanmotosiklet.com\/motosiklet-orjinal-yedek-parca-izmir\/wp-json\/wp\/v2\/media?parent=3620"}],"wp:term":[{"taxonomy":"product_cat","embeddable":true,"href":"https:\/\/www.aslanmotosiklet.com\/motosiklet-orjinal-yedek-parca-izmir\/wp-json\/wp\/v2\/product_cat?post=3620"},{"taxonomy":"product_tag","embeddable":true,"href":"https:\/\/www.aslanmotosiklet.com\/motosiklet-orjinal-yedek-parca-izmir\/wp-json\/wp\/v2\/product_tag?post=3620"}],"curies":[{"name":"wp","href":"https:\/\/api.w.org\/{rel}","templated":true}]}}