{"id":3590,"date":"2025-08-07T14:17:31","date_gmt":"2025-08-07T11:17:31","guid":{"rendered":"https:\/\/www.aslanmotosiklet.com\/motosiklet-orjinal-yedek-parca-izmir\/?post_type=product&#038;p=3590"},"modified":"2025-08-07T14:17:33","modified_gmt":"2025-08-07T11:17:33","slug":"piaggio-vespa-primera-150-far-kasi-1b001270","status":"publish","type":"product","link":"https:\/\/www.aslanmotosiklet.com\/motosiklet-orjinal-yedek-parca-izmir\/urunler\/orjinal-yedek-parca\/piaggio-vespa-primera-150-far-kasi-1b001270\/","title":{"rendered":"P\u0130AGG\u0130O-VESPA PR\u0130MERA 150 FAR KA\u015eI 1B001270"},"content":{"rendered":"","protected":false},"excerpt":{"rendered":"<p>P\u0130AGG\u0130O-VESPA PR\u0130MERA 150 FAR KA\u015eI 1B001270<\/p>\n","protected":false},"featured_media":3591,"template":"","meta":[],"product_cat":[1117],"product_tag":[],"class_list":{"0":"post-3590","1":"product","2":"type-product","3":"status-publish","4":"has-post-thumbnail","6":"product_cat-orjinal-yedek-parca","8":"first","9":"instock","10":"virtual","11":"purchasable","12":"product-type-simple"},"aioseo_notices":[],"_links":{"self":[{"href":"https:\/\/www.aslanmotosiklet.com\/motosiklet-orjinal-yedek-parca-izmir\/wp-json\/wp\/v2\/product\/3590","targetHints":{"allow":["GET"]}}],"collection":[{"href":"https:\/\/www.aslanmotosiklet.com\/motosiklet-orjinal-yedek-parca-izmir\/wp-json\/wp\/v2\/product"}],"about":[{"href":"https:\/\/www.aslanmotosiklet.com\/motosiklet-orjinal-yedek-parca-izmir\/wp-json\/wp\/v2\/types\/product"}],"wp:featuredmedia":[{"embeddable":true,"href":"https:\/\/www.aslanmotosiklet.com\/motosiklet-orjinal-yedek-parca-izmir\/wp-json\/wp\/v2\/media\/3591"}],"wp:attachment":[{"href":"https:\/\/www.aslanmotosiklet.com\/motosiklet-orjinal-yedek-parca-izmir\/wp-json\/wp\/v2\/media?parent=3590"}],"wp:term":[{"taxonomy":"product_cat","embeddable":true,"href":"https:\/\/www.aslanmotosiklet.com\/motosiklet-orjinal-yedek-parca-izmir\/wp-json\/wp\/v2\/product_cat?post=3590"},{"taxonomy":"product_tag","embeddable":true,"href":"https:\/\/www.aslanmotosiklet.com\/motosiklet-orjinal-yedek-parca-izmir\/wp-json\/wp\/v2\/product_tag?post=3590"}],"curies":[{"name":"wp","href":"https:\/\/api.w.org\/{rel}","templated":true}]}}