{"id":3498,"date":"2025-08-05T11:37:15","date_gmt":"2025-08-05T08:37:15","guid":{"rendered":"https:\/\/www.aslanmotosiklet.com\/motosiklet-orjinal-yedek-parca-izmir\/?post_type=product&#038;p=3498"},"modified":"2025-08-05T11:38:01","modified_gmt":"2025-08-05T08:38:01","slug":"honda-pcx-125-arka-kuyruk-ust-kapak-mat-mavi","status":"publish","type":"product","link":"https:\/\/www.aslanmotosiklet.com\/motosiklet-orjinal-yedek-parca-izmir\/urunler\/orjinal-yedek-parca\/honda-pcx-125-arka-kuyruk-ust-kapak-mat-mavi\/","title":{"rendered":"HONDA PCX 125-ARKA KUYRUK \u00dcST KAPAK-MAT MAV\u0130"},"content":{"rendered":"","protected":false},"excerpt":{"rendered":"<p>HONDA PCX 125-ARKA KUYRUK \u00dcST KAPAK-MAT MAV\u0130<\/p>\n","protected":false},"featured_media":3499,"template":"","meta":[],"product_cat":[1117],"product_tag":[],"class_list":{"0":"post-3498","1":"product","2":"type-product","3":"status-publish","4":"has-post-thumbnail","6":"product_cat-orjinal-yedek-parca","8":"first","9":"instock","10":"virtual","11":"purchasable","12":"product-type-simple"},"aioseo_notices":[],"_links":{"self":[{"href":"https:\/\/www.aslanmotosiklet.com\/motosiklet-orjinal-yedek-parca-izmir\/wp-json\/wp\/v2\/product\/3498","targetHints":{"allow":["GET"]}}],"collection":[{"href":"https:\/\/www.aslanmotosiklet.com\/motosiklet-orjinal-yedek-parca-izmir\/wp-json\/wp\/v2\/product"}],"about":[{"href":"https:\/\/www.aslanmotosiklet.com\/motosiklet-orjinal-yedek-parca-izmir\/wp-json\/wp\/v2\/types\/product"}],"wp:featuredmedia":[{"embeddable":true,"href":"https:\/\/www.aslanmotosiklet.com\/motosiklet-orjinal-yedek-parca-izmir\/wp-json\/wp\/v2\/media\/3499"}],"wp:attachment":[{"href":"https:\/\/www.aslanmotosiklet.com\/motosiklet-orjinal-yedek-parca-izmir\/wp-json\/wp\/v2\/media?parent=3498"}],"wp:term":[{"taxonomy":"product_cat","embeddable":true,"href":"https:\/\/www.aslanmotosiklet.com\/motosiklet-orjinal-yedek-parca-izmir\/wp-json\/wp\/v2\/product_cat?post=3498"},{"taxonomy":"product_tag","embeddable":true,"href":"https:\/\/www.aslanmotosiklet.com\/motosiklet-orjinal-yedek-parca-izmir\/wp-json\/wp\/v2\/product_tag?post=3498"}],"curies":[{"name":"wp","href":"https:\/\/api.w.org\/{rel}","templated":true}]}}