{"id":3456,"date":"2024-12-02T13:48:26","date_gmt":"2024-12-02T10:48:26","guid":{"rendered":"https:\/\/www.aslanmotosiklet.com\/motosiklet-orjinal-yedek-parca-izmir\/?post_type=product&#038;p=3456"},"modified":"2024-12-03T14:54:29","modified_gmt":"2024-12-03T11:54:29","slug":"rks-grace-202-grace-202-pro-novax-200-novax200rks-arka-yan-panel-sag-gri","status":"publish","type":"product","link":"https:\/\/www.aslanmotosiklet.com\/motosiklet-orjinal-yedek-parca-izmir\/urunler\/orjinal-yedek-parca\/rks-grace-202-grace-202-pro-novax-200-novax200rks-arka-yan-panel-sag-gri\/","title":{"rendered":"RKS Grace 202, Grace 202 pro, Novax 200, Novax200(RKS) &#8211; Arka yan panel sa\u011f GR\u0130"},"content":{"rendered":"<p>RKS Arka yan panel sa\u011f GR\u0130<\/p>\n<hr \/>\n<p>Uyumlu Modeller<\/p>\n<p>RKS Grace 202<\/p>\n<p>Grace 202 pro<\/p>\n<p>Novax 200<\/p>\n<p>Novax200(RKS)<\/p>\n","protected":false},"excerpt":{"rendered":"<p>RKS Arka yan panel sa\u011f GR\u0130<\/p>\n<hr \/>\n<p>Uyumlu Modeller<\/p>\n<p>RKS Grace 202<\/p>\n<p>Grace 202 pro<\/p>\n<p>Novax 200<\/p>\n<p>Novax200(RKS)<\/p>\n","protected":false},"featured_media":3457,"template":"","meta":[],"product_cat":[1117],"product_tag":[],"class_list":{"0":"post-3456","1":"product","2":"type-product","3":"status-publish","4":"has-post-thumbnail","6":"product_cat-orjinal-yedek-parca","8":"first","9":"instock","10":"shipping-taxable","11":"purchasable","12":"product-type-simple"},"aioseo_notices":[],"_links":{"self":[{"href":"https:\/\/www.aslanmotosiklet.com\/motosiklet-orjinal-yedek-parca-izmir\/wp-json\/wp\/v2\/product\/3456","targetHints":{"allow":["GET"]}}],"collection":[{"href":"https:\/\/www.aslanmotosiklet.com\/motosiklet-orjinal-yedek-parca-izmir\/wp-json\/wp\/v2\/product"}],"about":[{"href":"https:\/\/www.aslanmotosiklet.com\/motosiklet-orjinal-yedek-parca-izmir\/wp-json\/wp\/v2\/types\/product"}],"wp:featuredmedia":[{"embeddable":true,"href":"https:\/\/www.aslanmotosiklet.com\/motosiklet-orjinal-yedek-parca-izmir\/wp-json\/wp\/v2\/media\/3457"}],"wp:attachment":[{"href":"https:\/\/www.aslanmotosiklet.com\/motosiklet-orjinal-yedek-parca-izmir\/wp-json\/wp\/v2\/media?parent=3456"}],"wp:term":[{"taxonomy":"product_cat","embeddable":true,"href":"https:\/\/www.aslanmotosiklet.com\/motosiklet-orjinal-yedek-parca-izmir\/wp-json\/wp\/v2\/product_cat?post=3456"},{"taxonomy":"product_tag","embeddable":true,"href":"https:\/\/www.aslanmotosiklet.com\/motosiklet-orjinal-yedek-parca-izmir\/wp-json\/wp\/v2\/product_tag?post=3456"}],"curies":[{"name":"wp","href":"https:\/\/api.w.org\/{rel}","templated":true}]}}