{"id":3449,"date":"2024-12-02T13:29:03","date_gmt":"2024-12-02T10:29:03","guid":{"rendered":"https:\/\/www.aslanmotosiklet.com\/motosiklet-orjinal-yedek-parca-izmir\/?post_type=product&#038;p=3449"},"modified":"2024-12-03T14:55:45","modified_gmt":"2024-12-03T11:55:45","slug":"yamaha-cygnus-l-sol-marspiyel-kirmizi-2012-2014-orjinal","status":"publish","type":"product","link":"https:\/\/www.aslanmotosiklet.com\/motosiklet-orjinal-yedek-parca-izmir\/urunler\/orjinal-yedek-parca\/yamaha-cygnus-l-sol-marspiyel-kirmizi-2012-2014-orjinal\/","title":{"rendered":"Yamaha cygnus L &#8211; Sol mar\u015fpiyel K\u0131rm\u0131z\u0131 &#8211; 2012-2014 &#8211; Orjinal"},"content":{"rendered":"<p class=\"p1\">Yamaha cygnus L sol mar\u015fpiyel K\u0131rm\u0131z\u0131<\/p>\n<p class=\"p1\">Orjinal<\/p>\n<p class=\"p1\">Y\u0131l 2012-2014<\/p>\n<p class=\"p1\">\n","protected":false},"excerpt":{"rendered":"<p class=\"p1\">Yamaha cygnus L sol mar\u015fpiyel K\u0131rm\u0131z\u0131<\/p>\n<p class=\"p1\">Orjinal<\/p>\n<p class=\"p1\">Y\u0131l 2012-2014<\/p>\n","protected":false},"featured_media":3450,"template":"","meta":[],"product_cat":[1117],"product_tag":[],"class_list":{"0":"post-3449","1":"product","2":"type-product","3":"status-publish","4":"has-post-thumbnail","6":"product_cat-orjinal-yedek-parca","8":"first","9":"instock","10":"shipping-taxable","11":"purchasable","12":"product-type-simple"},"aioseo_notices":[],"_links":{"self":[{"href":"https:\/\/www.aslanmotosiklet.com\/motosiklet-orjinal-yedek-parca-izmir\/wp-json\/wp\/v2\/product\/3449","targetHints":{"allow":["GET"]}}],"collection":[{"href":"https:\/\/www.aslanmotosiklet.com\/motosiklet-orjinal-yedek-parca-izmir\/wp-json\/wp\/v2\/product"}],"about":[{"href":"https:\/\/www.aslanmotosiklet.com\/motosiklet-orjinal-yedek-parca-izmir\/wp-json\/wp\/v2\/types\/product"}],"wp:featuredmedia":[{"embeddable":true,"href":"https:\/\/www.aslanmotosiklet.com\/motosiklet-orjinal-yedek-parca-izmir\/wp-json\/wp\/v2\/media\/3450"}],"wp:attachment":[{"href":"https:\/\/www.aslanmotosiklet.com\/motosiklet-orjinal-yedek-parca-izmir\/wp-json\/wp\/v2\/media?parent=3449"}],"wp:term":[{"taxonomy":"product_cat","embeddable":true,"href":"https:\/\/www.aslanmotosiklet.com\/motosiklet-orjinal-yedek-parca-izmir\/wp-json\/wp\/v2\/product_cat?post=3449"},{"taxonomy":"product_tag","embeddable":true,"href":"https:\/\/www.aslanmotosiklet.com\/motosiklet-orjinal-yedek-parca-izmir\/wp-json\/wp\/v2\/product_tag?post=3449"}],"curies":[{"name":"wp","href":"https:\/\/api.w.org\/{rel}","templated":true}]}}