{"id":3447,"date":"2024-11-30T17:01:15","date_gmt":"2024-11-30T14:01:15","guid":{"rendered":"https:\/\/www.aslanmotosiklet.com\/motosiklet-orjinal-yedek-parca-izmir\/?post_type=product&#038;p=3447"},"modified":"2024-12-03T14:55:32","modified_gmt":"2024-12-03T11:55:32","slug":"yamaha-ybr-125-ed-ybr-125-re-05-egzoz-kapagi-gri-125-cm3-2012-2014-orjinal","status":"publish","type":"product","link":"https:\/\/www.aslanmotosiklet.com\/motosiklet-orjinal-yedek-parca-izmir\/urunler\/orjinal-yedek-parca\/yamaha-ybr-125-ed-ybr-125-re-05-egzoz-kapagi-gri-125-cm3-2012-2014-orjinal\/","title":{"rendered":"Yamaha YBR 125 ED \/ YBR 125 \/ RE 05 Egzoz Kapa\u011f\u0131 GR\u0130 125 cm3 (2012-2014) ORJ\u0130NAL"},"content":{"rendered":"<p class=\"p1\">Orjinal<\/p>\n<p class=\"p1\">Ybr 125 Ed &#8211; ybr 125 &#8211; re 05<\/p>\n<p class=\"p1\">125 cm3<\/p>\n<p class=\"p1\">Y\u0131l 2012-2014<\/p>\n<p class=\"p1\">Yamaha egzoz kapa\u011f\u0131<\/p>\n<p class=\"p1\">650 tl<\/p>\n","protected":false},"excerpt":{"rendered":"<p class=\"p1\">Orjinal<\/p>\n<p class=\"p1\">Ybr 125 Ed &#8211; ybr 125 &#8211; re 05<\/p>\n<p class=\"p1\">125 cm3<\/p>\n<p class=\"p1\">Y\u0131l 2012-2014<\/p>\n<p class=\"p1\">Yamaha egzoz kapa\u011f\u0131<\/p>\n<p class=\"p1\">650 tl<\/p>\n","protected":false},"featured_media":3448,"template":"","meta":[],"product_cat":[1117],"product_tag":[],"class_list":{"0":"post-3447","1":"product","2":"type-product","3":"status-publish","4":"has-post-thumbnail","6":"product_cat-orjinal-yedek-parca","8":"first","9":"instock","10":"shipping-taxable","11":"purchasable","12":"product-type-simple"},"aioseo_notices":[],"_links":{"self":[{"href":"https:\/\/www.aslanmotosiklet.com\/motosiklet-orjinal-yedek-parca-izmir\/wp-json\/wp\/v2\/product\/3447","targetHints":{"allow":["GET"]}}],"collection":[{"href":"https:\/\/www.aslanmotosiklet.com\/motosiklet-orjinal-yedek-parca-izmir\/wp-json\/wp\/v2\/product"}],"about":[{"href":"https:\/\/www.aslanmotosiklet.com\/motosiklet-orjinal-yedek-parca-izmir\/wp-json\/wp\/v2\/types\/product"}],"wp:featuredmedia":[{"embeddable":true,"href":"https:\/\/www.aslanmotosiklet.com\/motosiklet-orjinal-yedek-parca-izmir\/wp-json\/wp\/v2\/media\/3448"}],"wp:attachment":[{"href":"https:\/\/www.aslanmotosiklet.com\/motosiklet-orjinal-yedek-parca-izmir\/wp-json\/wp\/v2\/media?parent=3447"}],"wp:term":[{"taxonomy":"product_cat","embeddable":true,"href":"https:\/\/www.aslanmotosiklet.com\/motosiklet-orjinal-yedek-parca-izmir\/wp-json\/wp\/v2\/product_cat?post=3447"},{"taxonomy":"product_tag","embeddable":true,"href":"https:\/\/www.aslanmotosiklet.com\/motosiklet-orjinal-yedek-parca-izmir\/wp-json\/wp\/v2\/product_tag?post=3447"}],"curies":[{"name":"wp","href":"https:\/\/api.w.org\/{rel}","templated":true}]}}